{"id":5760,"date":"2022-03-31T09:50:06","date_gmt":"2022-03-31T07:50:06","guid":{"rendered":"https:\/\/unbrainsdenergie.fr\/?page_id=5760"},"modified":"2026-04-09T21:57:28","modified_gmt":"2026-04-09T19:57:28","slug":"ile-de-re","status":"publish","type":"page","link":"https:\/\/unbrainsdenergie.fr\/?page_id=5760","title":{"rendered":"Nantes"},"content":{"rendered":"<p>[et_pb_section fb_built=\u00a0\u00bb1&Prime; admin_label=\u00a0\u00bbsection\u00a0\u00bb _builder_version=\u00a0\u00bb4.16&Prime; global_colors_info=\u00a0\u00bb{}\u00a0\u00bb][et_pb_row admin_label=\u00a0\u00bbrow\u00a0\u00bb _builder_version=\u00a0\u00bb4.16&Prime; background_size=\u00a0\u00bbinitial\u00a0\u00bb background_position=\u00a0\u00bbtop_left\u00a0\u00bb background_repeat=\u00a0\u00bbrepeat\u00a0\u00bb custom_margin=\u00a0\u00bb-58px|auto||auto||\u00a0\u00bb global_colors_info=\u00a0\u00bb{}\u00a0\u00bb][et_pb_column type=\u00a0\u00bb4_4&Prime; _builder_version=\u00a0\u00bb4.16&Prime; custom_padding=\u00a0\u00bb|||\u00a0\u00bb global_colors_info=\u00a0\u00bb{}\u00a0\u00bb custom_padding__hover=\u00a0\u00bb|||\u00a0\u00bb][et_pb_text _builder_version=\u00a0\u00bb4.22.2&Prime; _module_preset=\u00a0\u00bbdefault\u00a0\u00bb text_font=\u00a0\u00bb|700|||||||\u00a0\u00bb text_font_size=\u00a0\u00bb40px\u00a0\u00bb global_colors_info=\u00a0\u00bb{}\u00a0\u00bb]<\/p>\n<p style=\"text-align: center;\">NANTES<\/p>\n<p>[\/et_pb_text][et_pb_image src=\u00a0\u00bbhttps:\/\/unbrainsdenergie.fr\/wp-content\/uploads\/2026\/02\/LPN1-300&#215;164.png\u00a0\u00bb _builder_version=\u00a0\u00bb4.22.2&Prime; _module_preset=\u00a0\u00bbdefault\u00a0\u00bb title_text=\u00a0\u00bbLPN1&Prime; align=\u00a0\u00bbcenter\u00a0\u00bb hover_enabled=\u00a0\u00bb0&Prime; sticky_enabled=\u00a0\u00bb0&Prime;][\/et_pb_image][\/et_pb_column][\/et_pb_row][et_pb_row admin_label=\u00a0\u00bbrow\u00a0\u00bb _builder_version=\u00a0\u00bb4.16&Prime; background_size=\u00a0\u00bbinitial\u00a0\u00bb background_position=\u00a0\u00bbtop_left\u00a0\u00bb background_repeat=\u00a0\u00bbrepeat\u00a0\u00bb global_colors_info=\u00a0\u00bb{}\u00a0\u00bb][et_pb_column type=\u00a0\u00bb4_4&Prime; _builder_version=\u00a0\u00bb4.16&Prime; custom_padding=\u00a0\u00bb|||\u00a0\u00bb global_colors_info=\u00a0\u00bb{}\u00a0\u00bb custom_padding__hover=\u00a0\u00bb|||\u00a0\u00bb][et_pb_text _builder_version=\u00a0\u00bb4.22.2&Prime; _module_preset=\u00a0\u00bbdefault\u00a0\u00bb text_font_size=\u00a0\u00bb18px\u00a0\u00bb hover_enabled=\u00a0\u00bb0&Prime; global_colors_info=\u00a0\u00bb{}\u00a0\u00bb sticky_enabled=\u00a0\u00bb0&Prime;]<\/p>\n<p style=\"text-align: center;\"><span style=\"color: #ff9900;\"><strong>\u00ab Les Nouveaux portails \u00bb<\/strong><\/span><\/p>\n<p style=\"text-align: center;\"><span style=\"color: #ff9900;\"><strong>LNP3, le CUBE<\/strong><\/span><\/p>\n<p style=\"text-align: center;\"><span style=\"color: #ff9900;\"><strong><span style=\"color: #000000;\">Les 2 &amp; 3 mai 2026<\/span><br \/><span style=\"color: #ff0000;\">Nantes &amp; Zoom<\/span><br \/><span style=\"color: #ff00ff;\">(format hybride : Pr\u00e9sentiel, Distanciel, Replay)<\/span><\/strong><\/span><\/p>\n<p>[\/et_pb_text][et_pb_text _builder_version=\u00a0\u00bb4.22.2&Prime; _module_preset=\u00a0\u00bbdefault\u00a0\u00bb hover_enabled=\u00a0\u00bb0&Prime; sticky_enabled=\u00a0\u00bb0&Prime;]<\/p>\n<h4>Le programme<\/h4>\n<h4><span style=\"color: #ff0000;\"><strong><span style=\"color: #000000;\">Pr\u00e9requis :<\/span><\/strong> lire le livre Les Nouveau Portails * jusqu\u2019\u00e0 la page 31 !<\/span><\/h4>\n<h4><strong>* disponible en ligne sur\u00a0<span style=\"color: #0000ff;\"><a href=\"http:\/\/www.laviedao.com\">www.laviedao.com<\/a><\/span><\/strong><\/h4>\n<h4><\/h4>\n<h4>1. Remaillage de l\u2019int\u00e9grit\u00e9 par le Cube<\/h4>\n<h4>\u00a0 \u00a0 \u00a0 \u00a0 &#8211; r\u00e9seau de base<br \/>&#8211; consolidation par la r\u00e9currence<br \/>&#8211; reprendre contact avec son patron de naissance<\/h4>\n<p>&nbsp;<\/p>\n<h4>2. Echafaudage<\/h4>\n<h4>\u00a0 \u00a0 \u00a0 \u00a0 &#8211; d\u00e9ploiement de sa bulle spatio-temporelle<br \/>&#8211; tutorat pour le tropisme positif<br \/>&#8211; optimisation de son champ perceptif<\/h4>\n<p>&nbsp;<\/p>\n<h4>3. Approche pour l\u2019espace-temps \/ le temps-espace<\/h4>\n<h4>\u00a0 \u00a0 \u00a0 \u00a0 &#8211; Perspective du Tesseract<\/h4>\n<p>&nbsp;<\/p>\n<h4>4. BFS : recentrage &amp; ancrage<\/h4>\n<p><a href=\"https:\/\/unbrainsdenergie.fr\/wp-content\/uploads\/2026\/04\/LNP3.pdf\" rel=\"attachment noopener wp-att-6705\" target=\"_blank\">Plaquette \u00e0 t\u00e9l\u00e9charger : LNP3<\/a><\/p>\n<p>[\/et_pb_text][\/et_pb_column][\/et_pb_row][\/et_pb_section]<\/p>\n","protected":false},"excerpt":{"rendered":"<p>NANTES\u00ab Les Nouveaux portails \u00bb LNP3, le CUBE Les 2 &amp; 3 mai 2026Nantes &amp; Zoom(format hybride : Pr\u00e9sentiel, Distanciel, Replay)Le programme Pr\u00e9requis : lire le livre Les Nouveau Portails [&hellip;]<\/p>\n","protected":false},"author":2,"featured_media":0,"parent":0,"menu_order":0,"comment_status":"closed","ping_status":"closed","template":"","meta":{"_et_pb_use_builder":"on","_et_pb_old_content":"","_et_gb_content_width":"","footnotes":""},"_links":{"self":[{"href":"https:\/\/unbrainsdenergie.fr\/index.php?rest_route=\/wp\/v2\/pages\/5760"}],"collection":[{"href":"https:\/\/unbrainsdenergie.fr\/index.php?rest_route=\/wp\/v2\/pages"}],"about":[{"href":"https:\/\/unbrainsdenergie.fr\/index.php?rest_route=\/wp\/v2\/types\/page"}],"author":[{"embeddable":true,"href":"https:\/\/unbrainsdenergie.fr\/index.php?rest_route=\/wp\/v2\/users\/2"}],"replies":[{"embeddable":true,"href":"https:\/\/unbrainsdenergie.fr\/index.php?rest_route=%2Fwp%2Fv2%2Fcomments&post=5760"}],"version-history":[{"count":27,"href":"https:\/\/unbrainsdenergie.fr\/index.php?rest_route=\/wp\/v2\/pages\/5760\/revisions"}],"predecessor-version":[{"id":6711,"href":"https:\/\/unbrainsdenergie.fr\/index.php?rest_route=\/wp\/v2\/pages\/5760\/revisions\/6711"}],"wp:attachment":[{"href":"https:\/\/unbrainsdenergie.fr\/index.php?rest_route=%2Fwp%2Fv2%2Fmedia&parent=5760"}],"curies":[{"name":"wp","href":"https:\/\/api.w.org\/{rel}","templated":true}]}}