{"id":4732,"date":"2021-03-29T22:06:13","date_gmt":"2021-03-29T20:06:13","guid":{"rendered":"https:\/\/unbrainsdenergie.fr\/?page_id=4732"},"modified":"2026-02-22T12:54:26","modified_gmt":"2026-02-22T11:54:26","slug":"meditation-pleine-lune","status":"publish","type":"page","link":"https:\/\/unbrainsdenergie.fr\/?page_id=4732","title":{"rendered":"M\u00e9ditation pleine lune"},"content":{"rendered":"<p>[et_pb_section fb_built=\u00a0\u00bb1&Prime; _builder_version=\u00a0\u00bb4.16&Prime; _module_preset=\u00a0\u00bbdefault\u00a0\u00bb global_colors_info=\u00a0\u00bb{}\u00a0\u00bb][et_pb_row _builder_version=\u00a0\u00bb4.16&Prime; _module_preset=\u00a0\u00bbdefault\u00a0\u00bb global_colors_info=\u00a0\u00bb{}\u00a0\u00bb][et_pb_column type=\u00a0\u00bb4_4&Prime; _builder_version=\u00a0\u00bb4.16&Prime; _module_preset=\u00a0\u00bbdefault\u00a0\u00bb global_colors_info=\u00a0\u00bb{}\u00a0\u00bb][et_pb_post_title meta=\u00a0\u00bboff\u00a0\u00bb featured_image=\u00a0\u00bboff\u00a0\u00bb _builder_version=\u00a0\u00bb4.16&Prime; _module_preset=\u00a0\u00bbdefault\u00a0\u00bb title_font=\u00a0\u00bb|700|||||||\u00a0\u00bb title_text_align=\u00a0\u00bbcenter\u00a0\u00bb title_text_color=\u00a0\u00bb#00208A\u00a0\u00bb title_font_size=\u00a0\u00bb40px\u00a0\u00bb global_colors_info=\u00a0\u00bb{}\u00a0\u00bb][\/et_pb_post_title][et_pb_text _builder_version=\u00a0\u00bb4.22.2&Prime; _module_preset=\u00a0\u00bbdefault\u00a0\u00bb text_font=\u00a0\u00bbBrygada 1918||||||||\u00a0\u00bb text_font_size=\u00a0\u00bb18px\u00a0\u00bb header_font=\u00a0\u00bbBrygada 1918||||||||\u00a0\u00bb inline_fonts=\u00a0\u00bbZCOOL XiaoWei\u00a0\u00bb global_colors_info=\u00a0\u00bb{}\u00a0\u00bb]<\/p>\n<p><span style=\"font-family: Brigada 1918; color: #008080;\"><span style=\"left: 60px; top: 1026.61px; font-size: 20px; transform: scaleX(1.0554);\" dir=\"ltr\">La M\u00e9ditation Pleine Lune<\/span><span style=\"left: 309.961px; top: 1026.61px; font-size: 20px; transform: scaleX(0.961983);\" dir=\"ltr\">(MPL)<\/span><\/span><\/p>\n<p>Le moment de la Pleine Lune est tr\u00e8s singulier. Dans la dualit\u00e9 Yin \/Yang , les deux luminaires ont le m\u00eame diam\u00e8tre apparent. En outre, l\u2019information lunaire bascule toutes les deux heures.<\/p>\n<p>La MPL vise plusieurs objectifs dont le principal consiste \u00e0 b\u00e9n\u00e9ficier d\u2019une r\u00e9organisation de la structure \u00e9nerg\u00e9tique de notre corps subtil.<\/p>\n<p>Pour ce qui concerne l\u2019ann\u00e9e 2026, merci de noter l\u2019Hexagramme, base de la MPL :<\/p>\n<p>&nbsp;<\/p>\n<p>[\/et_pb_text][et_pb_image src=\u00a0\u00bbhttps:\/\/unbrainsdenergie.fr\/wp-content\/uploads\/2026\/02\/N\u00b028-150&#215;150.png\u00a0\u00bb title_text=\u00a0\u00bbN\u00b028&Prime; _builder_version=\u00a0\u00bb4.22.2&Prime; _module_preset=\u00a0\u00bbdefault\u00a0\u00bb width=\u00a0\u00bb100%\u00a0\u00bb max_width=\u00a0\u00bb100%\u00a0\u00bb min_height=\u00a0\u00bb100px\u00a0\u00bb height=\u00a0\u00bb102px\u00a0\u00bb max_height=\u00a0\u00bb100px\u00a0\u00bb custom_margin=\u00a0\u00bb|952px||||\u00a0\u00bb hover_enabled=\u00a0\u00bb0&Prime; global_colors_info=\u00a0\u00bb{}\u00a0\u00bb sticky_enabled=\u00a0\u00bb0&Prime;][\/et_pb_image][et_pb_text _builder_version=\u00a0\u00bb4.22.2&Prime; _module_preset=\u00a0\u00bbdefault\u00a0\u00bb text_font_size=\u00a0\u00bb18px\u00a0\u00bb width=\u00a0\u00bb94%\u00a0\u00bb min_height=\u00a0\u00bb49.8px\u00a0\u00bb hover_enabled=\u00a0\u00bb0&Prime; global_colors_info=\u00a0\u00bb{}\u00a0\u00bb custom_padding=\u00a0\u00bb2px|||||\u00a0\u00bb sticky_enabled=\u00a0\u00bb0&Prime;]<\/p>\n<p><span style=\"left: 174.655px; top: 1251.58px; font-size: 18.3333px; font-family: sans-serif; transform: scaleX(1.01194);\" dir=\"ltr\"><span style=\"font-family: ZCOOL XiaoWei;\">n\u00ba 28, Pr\u00e9pond\u00e9rance du Grand<\/span><\/span><\/p>\n<p><span style=\"left: 174.655px; top: 1251.58px; font-size: 18.3333px; font-family: sans-serif; transform: scaleX(1.01194);\" dir=\"ltr\"><span style=\"font-family: ZCOOL XiaoWei;\"><a href=\"https:\/\/unbrainsdenergie.fr\/wp-content\/uploads\/2022\/01\/Zoom-session-1ER-T-2022.pdf\" rel=\"attachment wp-att-5609\"><\/a><\/span><\/span><\/p>\n<p><span style=\"font-family: ZCOOL XiaoWei; color: #000000;\"><span style=\"left: 60px; top: 676.608px; font-size: 20px; transform: scaleX(1.06635);\" dir=\"ltr\">A chaque pleine lune, de 23h \u00e0 1h.<\/span><\/span><\/p>\n<p><span style=\"font-family: ZCOOL XiaoWei; color: #000000;\"><span style=\"left: 60px; top: 676.608px; font-size: 20px; transform: scaleX(1.06635);\" dir=\"ltr\">En anglais et en fran\u00e7ais<\/span><\/span><\/p>\n<p><span style=\"font-family: ZCOOL XiaoWei; font-weight: normal; color: #000000;\"><span style=\"left: 60px; top: 676.608px; font-size: 20px; transform: scaleX(1.06635);\" dir=\"ltr\">Tarif : gratuit<br \/><\/span><\/span><\/p>\n<p>[\/et_pb_text][\/et_pb_column][\/et_pb_row][\/et_pb_section]<\/p>\n","protected":false},"excerpt":{"rendered":"<p>La M\u00e9ditation Pleine Lune(MPL) Le moment de la Pleine Lune est tr\u00e8s singulier. Dans la dualit\u00e9 Yin \/Yang , les deux luminaires ont le m\u00eame diam\u00e8tre apparent. En outre, l\u2019information [&hellip;]<\/p>\n","protected":false},"author":2,"featured_media":0,"parent":0,"menu_order":0,"comment_status":"closed","ping_status":"closed","template":"","meta":{"_et_pb_use_builder":"on","_et_pb_old_content":"","_et_gb_content_width":"","footnotes":""},"_links":{"self":[{"href":"https:\/\/unbrainsdenergie.fr\/index.php?rest_route=\/wp\/v2\/pages\/4732"}],"collection":[{"href":"https:\/\/unbrainsdenergie.fr\/index.php?rest_route=\/wp\/v2\/pages"}],"about":[{"href":"https:\/\/unbrainsdenergie.fr\/index.php?rest_route=\/wp\/v2\/types\/page"}],"author":[{"embeddable":true,"href":"https:\/\/unbrainsdenergie.fr\/index.php?rest_route=\/wp\/v2\/users\/2"}],"replies":[{"embeddable":true,"href":"https:\/\/unbrainsdenergie.fr\/index.php?rest_route=%2Fwp%2Fv2%2Fcomments&post=4732"}],"version-history":[{"count":18,"href":"https:\/\/unbrainsdenergie.fr\/index.php?rest_route=\/wp\/v2\/pages\/4732\/revisions"}],"predecessor-version":[{"id":6686,"href":"https:\/\/unbrainsdenergie.fr\/index.php?rest_route=\/wp\/v2\/pages\/4732\/revisions\/6686"}],"wp:attachment":[{"href":"https:\/\/unbrainsdenergie.fr\/index.php?rest_route=%2Fwp%2Fv2%2Fmedia&parent=4732"}],"curies":[{"name":"wp","href":"https:\/\/api.w.org\/{rel}","templated":true}]}}