{"id":4731,"date":"2021-03-29T22:06:13","date_gmt":"2021-03-29T20:06:13","guid":{"rendered":"https:\/\/unbrainsdenergie.fr\/?page_id=4731"},"modified":"2024-05-31T17:03:41","modified_gmt":"2024-05-31T15:03:41","slug":"dopage-energetique","status":"publish","type":"page","link":"https:\/\/unbrainsdenergie.fr\/?page_id=4731","title":{"rendered":"Boosts \u00c9nerg\u00e9tiques"},"content":{"rendered":"\n[et_pb_section fb_built=\u00a0\u00bb1&Prime; _builder_version=\u00a0\u00bb4.16&Prime; _module_preset=\u00a0\u00bbdefault\u00a0\u00bb global_colors_info=\u00a0\u00bb{}\u00a0\u00bb][et_pb_row _builder_version=\u00a0\u00bb4.16&Prime; _module_preset=\u00a0\u00bbdefault\u00a0\u00bb global_colors_info=\u00a0\u00bb{}\u00a0\u00bb][et_pb_column type=\u00a0\u00bb4_4&Prime; _builder_version=\u00a0\u00bb4.16&Prime; _module_preset=\u00a0\u00bbdefault\u00a0\u00bb global_colors_info=\u00a0\u00bb{}\u00a0\u00bb][et_pb_post_title meta=\u00a0\u00bboff\u00a0\u00bb featured_image=\u00a0\u00bboff\u00a0\u00bb _builder_version=\u00a0\u00bb4.16&Prime; _module_preset=\u00a0\u00bbdefault\u00a0\u00bb title_font=\u00a0\u00bb|700|||||||\u00a0\u00bb title_text_align=\u00a0\u00bbcenter\u00a0\u00bb title_text_color=\u00a0\u00bb#00208A\u00a0\u00bb title_font_size=\u00a0\u00bb40px\u00a0\u00bb hover_enabled=\u00a0\u00bb0&Prime; global_colors_info=\u00a0\u00bb{}\u00a0\u00bb sticky_enabled=\u00a0\u00bb0&Prime;][\/et_pb_post_title][et_pb_text _builder_version=\u00a0\u00bb4.17.4&Prime; _module_preset=\u00a0\u00bbdefault\u00a0\u00bb text_font=\u00a0\u00bbBrygada 1918||||||||\u00a0\u00bb text_font_size=\u00a0\u00bb18px\u00a0\u00bb width_tablet=\u00a0\u00bb\u00a0\u00bb width_phone=\u00a0\u00bb\u00a0\u00bb width_last_edited=\u00a0\u00bbon|phone\u00a0\u00bb hover_enabled=\u00a0\u00bb0&Prime; inline_fonts=\u00a0\u00bbZCOOL XiaoWei\u00a0\u00bb global_colors_info=\u00a0\u00bb{}\u00a0\u00bb sticky_enabled=\u00a0\u00bb0&Prime;]<p style=\"text-align: left;\"><span style=\"font-family: ZCOOL XiaoWei; font-weight: normal; color: #008080;\"><span style=\"left: 60px; top: 723.275px; font-size: 20px; transform: scaleX(1.01294);\" dir=\"ltr\">Le Boost \u00c9nerg\u00e9tique (BE)<\/span><\/span><\/p>\n<p>En phase avec le \u2018besoin\u2019 du moment, c\u2019est une conjugaison d\u2019instructions, de sons et principalement de transmissions ciblant une zone particuli\u00e8re, un organe interne, un r\u00e9seau sp\u00e9cifique ou sur un plan plus g\u00e9n\u00e9ral tels que des soucis digestifs, le renforcement de l\u2019endurance, la capacit\u00e9 de r\u00e9cup\u00e9ration via le sommeil, etc.<\/p>\n<p>La plupart du temps la session se d\u00e9roule en postural allong\u00e9 favorisant ainsi l\u2019accessibilit\u00e9 \u00e0 tous quel que soit son \u00e9tat de sant\u00e9.<\/p>\n<p>L\u2019exp\u00e9rience montre que l\u2019approche digitale n\u2019affecte en rien la qualit\u00e9 de la s\u00e9ance.<\/p>\n<p><a href=\"https:\/\/unbrainsdenergie.fr\/wp-content\/uploads\/2022\/01\/Zoom-session-1ER-T-2022.pdf\" rel=\"attachment wp-att-5609\"><\/a><\/p>\n<p style=\"text-align: left;\"><span style=\"font-family: ZCOOL XiaoWei; color: #000000;\"><span style=\"left: 60px; top: 676.608px; font-size: 20px; transform: scaleX(1.06635);\" dir=\"ltr\">Un jeudi par mois, de 21h30 \u00e0 22h30. (en fran\u00e7ais)<br \/><\/span><\/span><\/p>\n<p style=\"text-align: left;\"><span style=\"font-family: ZCOOL XiaoWei; font-weight: normal; color: #000000;\"><span style=\"left: 60px; top: 676.608px; font-size: 20px; transform: scaleX(1.06635);\" dir=\"ltr\">Tarif : 50\u20ac<\/span><\/span><\/p>\n<p style=\"text-align: left;\"><span style=\"color: #0084ad;\"><span style=\"font-family: ZCOOL XiaoWei; font-weight: normal;\"><span style=\"left: 60px; top: 676.608px; font-size: 20px; transform: scaleX(1.06635);\" dir=\"ltr\"><span style=\"left: 119px; top: 931.664px; font-size: 20px; transform: scaleX(0.990875);\" dir=\"ltr\">LA VIDA O PARTNERS S<\/span><span style=\"left: 346.158px; top: 931.664px; font-size: 20px;\" dir=\"ltr\">L <\/span><\/span><\/span><span style=\"font-family: ZCOOL XiaoWei; font-weight: normal;\"><span style=\"left: 60px; top: 676.608px; font-size: 20px; transform: scaleX(1.06635);\" dir=\"ltr\"><span style=\"left: 119px; top: 954.997px; font-size: 20px; transform: scaleX(1.00021);\" dir=\"ltr\">Calle Freixa 41, 2\u00b0-1<\/span><span style=\"left: 301.52px; top: 955.272px; font-size: 13.3333px;\" dir=\"ltr\">a<\/span><span style=\"left: 314.491px; top: 954.997px; font-size: 20px; transform: scaleX(1.00049);\" dir=\"ltr\">; 08021 Barcelon<\/span><span style=\"left: 465.712px; top: 954.997px; font-size: 20px;\" dir=\"ltr\">a<\/span><\/span><\/span><\/span><\/p>\n<p style=\"text-align: left;\"><span style=\"font-family: ZCOOL XiaoWei; font-weight: normal; color: #0084ad;\"><span style=\"left: 60px; top: 676.608px; font-size: 20px; transform: scaleX(1.06635);\" dir=\"ltr\"><span style=\"left: 119px; top: 1001.66px; font-size: 20px; transform: scaleX(1.00029);\" dir=\"ltr\">Caixa Bank <\/span><span style=\"left: 221.275px; top: 1001.66px; font-size: 20px;\" dir=\"ltr\">: <\/span><span style=\"left: 120px; top: 1031.8px; font-size: 20px; transform: scaleX(1.00066);\" dir=\"ltr\">IBAN : ES61 2100 0814 0702 0105 9903 <\/span><span style=\"left: 120px; top: 1056.66px; font-size: 20px; transform: scaleX(1.00045);\" dir=\"ltr\">BIC : CAIXESBBXXX<\/span><\/span><\/span><\/p>[\/et_pb_text][\/et_pb_column][\/et_pb_row][\/et_pb_section]\n","protected":false},"excerpt":{"rendered":"<p>Le Boost \u00c9nerg\u00e9tique (BE) En phase avec le \u2018besoin\u2019 du moment, c\u2019est une conjugaison d\u2019instructions, de sons et principalement de transmissions ciblant une zone particuli\u00e8re, un organe interne, un r\u00e9seau [&hellip;]<\/p>\n","protected":false},"author":2,"featured_media":0,"parent":0,"menu_order":0,"comment_status":"closed","ping_status":"closed","template":"","meta":{"_et_pb_use_builder":"on","_et_pb_old_content":"","_et_gb_content_width":"","footnotes":""},"_links":{"self":[{"href":"https:\/\/unbrainsdenergie.fr\/index.php?rest_route=\/wp\/v2\/pages\/4731"}],"collection":[{"href":"https:\/\/unbrainsdenergie.fr\/index.php?rest_route=\/wp\/v2\/pages"}],"about":[{"href":"https:\/\/unbrainsdenergie.fr\/index.php?rest_route=\/wp\/v2\/types\/page"}],"author":[{"embeddable":true,"href":"https:\/\/unbrainsdenergie.fr\/index.php?rest_route=\/wp\/v2\/users\/2"}],"replies":[{"embeddable":true,"href":"https:\/\/unbrainsdenergie.fr\/index.php?rest_route=%2Fwp%2Fv2%2Fcomments&post=4731"}],"version-history":[{"count":13,"href":"https:\/\/unbrainsdenergie.fr\/index.php?rest_route=\/wp\/v2\/pages\/4731\/revisions"}],"predecessor-version":[{"id":6261,"href":"https:\/\/unbrainsdenergie.fr\/index.php?rest_route=\/wp\/v2\/pages\/4731\/revisions\/6261"}],"wp:attachment":[{"href":"https:\/\/unbrainsdenergie.fr\/index.php?rest_route=%2Fwp%2Fv2%2Fmedia&parent=4731"}],"curies":[{"name":"wp","href":"https:\/\/api.w.org\/{rel}","templated":true}]}}