{"id":4195,"date":"2020-08-21T19:47:41","date_gmt":"2020-08-21T17:47:41","guid":{"rendered":"https:\/\/unbrainsdenergie.fr\/?page_id=4195"},"modified":"2025-12-30T23:55:17","modified_gmt":"2025-12-30T22:55:17","slug":"stages","status":"publish","type":"page","link":"https:\/\/unbrainsdenergie.fr\/?page_id=4195","title":{"rendered":"Erwann Le Moigne"},"content":{"rendered":"<p>[et_pb_section fb_built=\u00a0\u00bb1&Prime; admin_label=\u00a0\u00bbsection\u00a0\u00bb _builder_version=\u00a0\u00bb4.16&Prime; global_colors_info=\u00a0\u00bb{}\u00a0\u00bb][et_pb_row _builder_version=\u00a0\u00bb4.16&Prime; _module_preset=\u00a0\u00bbdefault\u00a0\u00bb global_colors_info=\u00a0\u00bb{}\u00a0\u00bb][et_pb_column type=\u00a0\u00bb4_4&Prime; _builder_version=\u00a0\u00bb4.16&Prime; _module_preset=\u00a0\u00bbdefault\u00a0\u00bb global_colors_info=\u00a0\u00bb{}\u00a0\u00bb][et_pb_post_title meta=\u00a0\u00bboff\u00a0\u00bb _builder_version=\u00a0\u00bb4.16&Prime; _module_preset=\u00a0\u00bbdefault\u00a0\u00bb title_font=\u00a0\u00bb|700|||||||\u00a0\u00bb title_text_align=\u00a0\u00bbcenter\u00a0\u00bb title_text_color=\u00a0\u00bb#00208A\u00a0\u00bb title_font_size=\u00a0\u00bb40px\u00a0\u00bb global_colors_info=\u00a0\u00bb{}\u00a0\u00bb][\/et_pb_post_title][\/et_pb_column][\/et_pb_row][et_pb_row admin_label=\u00a0\u00bbrow\u00a0\u00bb _builder_version=\u00a0\u00bb4.16&Prime; background_size=\u00a0\u00bbinitial\u00a0\u00bb background_position=\u00a0\u00bbtop_left\u00a0\u00bb background_repeat=\u00a0\u00bbrepeat\u00a0\u00bb global_colors_info=\u00a0\u00bb{}\u00a0\u00bb][et_pb_column type=\u00a0\u00bb4_4&Prime; _builder_version=\u00a0\u00bb4.16&Prime; custom_padding=\u00a0\u00bb|||\u00a0\u00bb global_colors_info=\u00a0\u00bb{}\u00a0\u00bb custom_padding__hover=\u00a0\u00bb|||\u00a0\u00bb][et_pb_text admin_label=\u00a0\u00bbText\u00a0\u00bb _builder_version=\u00a0\u00bb4.22.2&Prime; text_font=\u00a0\u00bbBrygada 1918||||||||\u00a0\u00bb text_font_size=\u00a0\u00bb18px\u00a0\u00bb background_size=\u00a0\u00bbinitial\u00a0\u00bb background_position=\u00a0\u00bbtop_left\u00a0\u00bb background_repeat=\u00a0\u00bbrepeat\u00a0\u00bb link_option_url=\u00a0\u00bbhttps:\/\/unbrainsdenergie.fr\/?page_id=4730&Prime; global_colors_info=\u00a0\u00bb{}\u00a0\u00bb]<!-- divi:paragraph {\"fontSize\":\"medium\"} --><\/p>\n<p class=\"has-medium-font-size\"><strong>Erwann Le Moigne<\/strong>, notre enseignant et <strong>Ma\u00eetre de Dao Hua Qi Gong en France<\/strong>, organise tout au long de l&rsquo;ann\u00e9e, des stages, des retraites, dans diff\u00e9rents lieux de l&rsquo;hexagone, ou m\u00eame \u00e0 l&rsquo;\u00e9tranger.<\/p>\n<p class=\"has-medium-font-size\">Jusqu&rsquo;\u00e0 maintenant, les stages avaient lieu en pr\u00e9sentiel.<\/p>\n<p class=\"has-medium-font-size\">Depuis 2021, certains stages sont organis\u00e9s en session zoom. Nous pouvons, \u00e0 partir de chez nous, participer au stage. Pourquoi ? Parce que certaines th\u00e9matiques s&rsquo;y pr\u00eatent bien ; parce que parfois la distance est un obstacle \u00e0 pouvoir faire le stage ; parce que trouver une salle ad\u00e9quate n&rsquo;est pas toujours chose facile &#8230;<\/p>\n<p class=\"has-medium-font-size\">Pour plus de d\u00e9tails, sur ces diff\u00e9rentes propositions, des onglets ont \u00e9t\u00e9 cr\u00e9\u00e9s. Nous vous laissons d\u00e9couvrir \ud83d\ude42<\/p>\n<p class=\"has-medium-font-size\"><a rel=\"noopener noreferrer\" href=\"https:\/\/unbrainsdenergie.fr\/?page_id=3849\" target=\"_blank\">Ard\u00e8che<\/a><\/p>\n<p class=\"has-medium-font-size\"><a href=\"https:\/\/unbrainsdenergie.fr\/?page_id=5073\" target=\"_blank\" rel=\"noopener\">Bretagne<\/a><a href=\"https:\/\/unbrainsdenergie.fr\/?page_id=5760\" target=\"_blank\" rel=\"noopener\"><\/a><\/p>\n<p class=\"has-medium-font-size\"><a href=\"https:\/\/unbrainsdenergie.fr\/?page_id=4730\" target=\"_blank\" rel=\"noopener\">Feuille De Route Mensuelle (FDRM)<\/a><\/p>\n<p class=\"has-medium-font-size\"><a href=\"https:\/\/unbrainsdenergie.fr\/?page_id=4731\" target=\"_blank\" rel=\"noopener\">Boosts Energ\u00e9tiques (BE)<\/a><\/p>\n<p class=\"has-medium-font-size\"><a href=\"https:\/\/unbrainsdenergie.fr\/?page_id=4732\" target=\"_blank\" rel=\"noopener\">M\u00e9ditation Pleine Lune (MPL)<\/a><a href=\"https:\/\/unbrainsdenergie.fr\/wp-content\/uploads\/2024\/11\/Cal-2025.pdf\" rel=\"attachment wp-att-6429\"><\/a><\/p>\n<p class=\"has-medium-font-size\"><a href=\"https:\/\/unbrainsdenergie.fr\/wp-content\/uploads\/2025\/08\/Cal-2026.pdf\" rel=\"attachment noopener wp-att-6539\" target=\"_blank\">Calendrier des stages 2026<\/a><\/p>\n<p class=\"has-medium-font-size\"><a href=\"https:\/\/unbrainsdenergie.fr\/?page_id=5481\" target=\"_blank\" rel=\"noopener\" title=\"Dates FRD, DE, MPL dans onglet &quot;stages zoom&quot;\"><\/a><\/p>\n<p><!-- \/divi:paragraph --><!-- divi:paragraph {\"fontSize\":\"medium\"} --><!-- \/divi:paragraph --><!-- divi:paragraph {\"fontSize\":\"medium\"} --><!-- \/divi:paragraph --><!-- divi:paragraph {\"fontSize\":\"medium\"} --><!-- \/divi:paragraph --><!-- divi:paragraph {\"fontSize\":\"medium\"} --><!-- \/divi:paragraph --><!-- divi:paragraph {\"fontSize\":\"medium\"} --><!-- \/divi:paragraph --><!-- divi:paragraph {\"fontSize\":\"medium\"} --><!-- \/divi:paragraph --><!-- divi:file {\"id\":4255,\"href\":\"https:\/\/unbrainsdenergie.fr\/wp-content\/uploads\/2020\/08\/Cal2021-1.pdf\"} --><!-- \/divi:file -->[\/et_pb_text][\/et_pb_column][\/et_pb_row][\/et_pb_section]<\/p>\n","protected":false},"excerpt":{"rendered":"<p>Erwann Le Moigne, notre enseignant et Ma\u00eetre de Dao Hua Qi Gong en France, organise tout au long de l&rsquo;ann\u00e9e, des stages, des retraites, dans diff\u00e9rents lieux de l&rsquo;hexagone, ou [&hellip;]<\/p>\n","protected":false},"author":2,"featured_media":0,"parent":0,"menu_order":0,"comment_status":"closed","ping_status":"closed","template":"","meta":{"_et_pb_use_builder":"on","_et_pb_old_content":"<!-- wp:paragraph {\"fontSize\":\"medium\"} -->\n<p class=\"has-medium-font-size\"><strong>Erwann Le Moigne<\/strong>, notre enseignant et <strong>Ma\u00eetre de Dao Hua Qi Gong en France<\/strong>, organise tout au long de l'ann\u00e9e, des stages, des retraites, dans diff\u00e9rents lieux de l'hexagone, ou m\u00eame \u00e0 l'\u00e9tranger.<\/p>\n<!-- \/wp:paragraph -->\n\n<!-- wp:paragraph {\"fontSize\":\"medium\"} -->\n<p class=\"has-medium-font-size\">Jusqu'\u00e0 maintenant, les stages avaient lieu en pr\u00e9sentiel.<\/p>\n<!-- \/wp:paragraph -->\n\n<!-- wp:paragraph {\"fontSize\":\"medium\"} -->\n<p class=\"has-medium-font-size\">A partir de cette ann\u00e9e, certains stages pourront \u00eatre organis\u00e9s en session zoom. Nous pourrons, \u00e0 partir de chez nous, participer au stage. Pourquoi ? Parce que certaines th\u00e9matiques s'y pr\u00eatent bien ; parce que parfois la distance est un obstacle \u00e0 pouvoir faire le stage ; parce que trouver une salle ad\u00e9quate n'est pas toujours chose facile ...<\/p>\n<!-- \/wp:paragraph -->\n\n<!-- wp:paragraph {\"fontSize\":\"medium\"} -->\n<p class=\"has-medium-font-size\">Pour plus de d\u00e9tails, sur ces diff\u00e9rentes propositions, un onglet pour chaque lieu a \u00e9t\u00e9 cr\u00e9\u00e9. Nous vous laissons d\u00e9couvrir :)<\/p>\n<!-- \/wp:paragraph -->\n\n<!-- wp:paragraph {\"fontSize\":\"medium\"} -->\n<p class=\"has-medium-font-size\"><a rel=\"noreferrer noopener\" href=\"https:\/\/unbrainsdenergie.fr\/?page_id=3849\" target=\"_blank\">Ard\u00e8che<\/a><\/p>\n<!-- \/wp:paragraph -->\n\n<!-- wp:paragraph {\"fontSize\":\"medium\"} -->\n<p class=\"has-medium-font-size\"><a href=\"https:\/\/unbrainsdenergie.fr\/?page_id=3849\"> zo<\/a><a rel=\"noreferrer noopener\" href=\"https:\/\/unbrainsdenergie.fr\/?page_id=4207\" target=\"_blank\">om<\/a><\/p>\n<!-- \/wp:paragraph -->\n\n<!-- wp:paragraph {\"fontSize\":\"medium\"} -->\n<p class=\"has-medium-font-size\"><strong>Calendrier des stages pour 2021 :<\/strong> <\/p>\n<!-- \/wp:paragraph -->\n\n<!-- wp:file {\"id\":4255,\"href\":\"https:\/\/unbrainsdenergie.fr\/wp-content\/uploads\/2020\/08\/Cal2021-1.pdf\"} -->\n<div class=\"wp-block-file\"><a href=\"https:\/\/unbrainsdenergie.fr\/wp-content\/uploads\/2020\/08\/Cal2021-1.pdf\" class=\"wp-block-file__button\" download>T\u00e9l\u00e9charger<\/a><\/div>\n<!-- \/wp:file -->","_et_gb_content_width":"","footnotes":""},"_links":{"self":[{"href":"https:\/\/unbrainsdenergie.fr\/index.php?rest_route=\/wp\/v2\/pages\/4195"}],"collection":[{"href":"https:\/\/unbrainsdenergie.fr\/index.php?rest_route=\/wp\/v2\/pages"}],"about":[{"href":"https:\/\/unbrainsdenergie.fr\/index.php?rest_route=\/wp\/v2\/types\/page"}],"author":[{"embeddable":true,"href":"https:\/\/unbrainsdenergie.fr\/index.php?rest_route=\/wp\/v2\/users\/2"}],"replies":[{"embeddable":true,"href":"https:\/\/unbrainsdenergie.fr\/index.php?rest_route=%2Fwp%2Fv2%2Fcomments&post=4195"}],"version-history":[{"count":54,"href":"https:\/\/unbrainsdenergie.fr\/index.php?rest_route=\/wp\/v2\/pages\/4195\/revisions"}],"predecessor-version":[{"id":6660,"href":"https:\/\/unbrainsdenergie.fr\/index.php?rest_route=\/wp\/v2\/pages\/4195\/revisions\/6660"}],"wp:attachment":[{"href":"https:\/\/unbrainsdenergie.fr\/index.php?rest_route=%2Fwp%2Fv2%2Fmedia&parent=4195"}],"curies":[{"name":"wp","href":"https:\/\/api.w.org\/{rel}","templated":true}]}}