{"id":4017,"date":"2020-04-30T09:09:48","date_gmt":"2020-04-30T07:09:48","guid":{"rendered":"https:\/\/unbrainsdenergie.fr\/?page_id=4017"},"modified":"2021-12-31T18:53:34","modified_gmt":"2021-12-31T17:53:34","slug":"le-dao-hua-qi-gong","status":"publish","type":"page","link":"https:\/\/unbrainsdenergie.fr\/?page_id=4017","title":{"rendered":"Le Dao Hua Qi Gong"},"content":{"rendered":"<p>[et_pb_section fb_built=\u00a0\u00bb1&Prime; _builder_version=\u00a0\u00bb3.22&Prime; custom_padding=\u00a0\u00bb0px|||||\u00a0\u00bb global_colors_info=\u00a0\u00bb{}\u00a0\u00bb][et_pb_row _builder_version=\u00a0\u00bb4.9.2&Prime; _module_preset=\u00a0\u00bbdefault\u00a0\u00bb global_colors_info=\u00a0\u00bb{}\u00a0\u00bb][et_pb_column type=\u00a0\u00bb4_4&Prime; _builder_version=\u00a0\u00bb4.9.2&Prime; _module_preset=\u00a0\u00bbdefault\u00a0\u00bb global_colors_info=\u00a0\u00bb{}\u00a0\u00bb][et_pb_post_title meta=\u00a0\u00bboff\u00a0\u00bb _builder_version=\u00a0\u00bb4.9.2&Prime; _module_preset=\u00a0\u00bbdefault\u00a0\u00bb title_font=\u00a0\u00bbZCOOL XiaoWei|700|||||||\u00a0\u00bb title_text_align=\u00a0\u00bbcenter\u00a0\u00bb title_text_color=\u00a0\u00bb#00208A\u00a0\u00bb title_font_size=\u00a0\u00bb40px\u00a0\u00bb text_orientation=\u00a0\u00bbcenter\u00a0\u00bb global_colors_info=\u00a0\u00bb{}\u00a0\u00bb][\/et_pb_post_title][et_pb_text _builder_version=\u00a0\u00bb4.14.4&Prime; _module_preset=\u00a0\u00bbdefault\u00a0\u00bb text_font=\u00a0\u00bbBrygada 1918||||||||\u00a0\u00bb text_font_size=\u00a0\u00bb18px\u00a0\u00bb hover_enabled=\u00a0\u00bb0&Prime; global_colors_info=\u00a0\u00bb{}\u00a0\u00bb sticky_enabled=\u00a0\u00bb0&Prime;]<\/p>\n<p>Le Dao Hua Qi Gong est une pratique visant \u00e0 favoriser le bonne circulation du Qi (\u00e9nergie vitale), essentielle \u00e0 la sant\u00e9.<\/p>\n<p><strong>Hua<\/strong> : Transformation &#8211; <strong>Gong<\/strong> : Force<\/p>\n<p><strong>Hua Qi Gong<\/strong> : Qi Gong de la Transformation<\/p>\n<p><strong><span id=\"page154R_mcid28\"><span dir=\"ltr\">La sp\u00e9cificit\u00e9 du Dao Hua Qi Gong ?<\/span><\/span><\/strong><\/p>\n<p><span class=\"markedContent\" id=\"page154R_mcid28\"><span class=\"markedContent\"><\/span><\/span><span id=\"page154R_mcid29\"><span dir=\"ltr\">Il s\u2019agit du seul Qi Gong en Occident qui fonctionne par <\/span><\/span><span id=\"page154R_mcid30\"><span dir=\"ltr\">le Da\u00ef Gong (transmission de c\u0153ur \u00e0 c\u0153ur) et par cons\u00e9quent <\/span><span dir=\"ltr\">permet sans exp\u00e9rience pr\u00e9alable d\u2019acc\u00e9der imm\u00e9diatement \u00e0 <\/span><span dir=\"ltr\">un niveau avanc\u00e9 de perception.<\/span><\/span><\/p>\n<p>A travers des mouvements simples et des postures, vous pourrez retrouver \u00e9quilibre, dynamisme, joie de vivre \u2026 plus de vitalit\u00e9.<\/p>\n<p>L\u2019association \u201cUn Brains d\u2019Energie\u201d vous propose des <strong><span style=\"text-decoration: underline;\">cours hebdomadaires<\/span><\/strong><a href=\"https:\/\/unbrainsdenergie.fr\/?page_id=4017#\"><span style=\"text-decoration: underline; color: #800080;\"><strong><\/strong><\/span><\/a> et des <strong><span style=\"text-decoration: underline;\">ateliers<\/span><\/strong><a href=\"https:\/\/unbrainsdenergie.fr\/?page_id=4017#\"><\/a> le dimanche matin, sur diff\u00e9rentes communes.<\/p>\n<p>[\/et_pb_text][\/et_pb_column][\/et_pb_row][\/et_pb_section]<\/p>\n","protected":false},"excerpt":{"rendered":"<p>Le Dao Hua Qi Gong est une pratique visant \u00e0 favoriser le bonne circulation du Qi (\u00e9nergie vitale), essentielle \u00e0 la sant\u00e9. Hua : Transformation &#8211; Gong : Force Hua [&hellip;]<\/p>\n","protected":false},"author":2,"featured_media":0,"parent":0,"menu_order":0,"comment_status":"closed","ping_status":"closed","template":"","meta":{"_et_pb_use_builder":"on","_et_pb_old_content":"<!-- wp:paragraph -->\n<p>Le Dao Hua Qi Gong est une pratique visant \u00e0 favoriser le bonne circulation du Qi (\u00e9nergie vitale), essentielle \u00e0 la sant\u00e9.<\/p>\n<!-- \/wp:paragraph -->\n\n<!-- wp:paragraph -->\n<p><strong>Hua<\/strong> : Transformation - <strong>Gong<\/strong> : Force<\/p>\n<!-- \/wp:paragraph -->\n\n<!-- wp:paragraph -->\n<p><strong>Hua Qi Gong<\/strong> : Qi Gong de la Transformation <\/p>\n<!-- \/wp:paragraph -->\n\n<!-- wp:paragraph -->\n<p>A travers des mouvements simples et des postures, vous pourrez retrouver \u00e9quilibre, dynamisme, joie de vivre \u2026 plus de vitalit\u00e9.<\/p>\n<!-- \/wp:paragraph -->\n\n<!-- wp:paragraph -->\n<p>L\u2019association \u201cUn Brains d\u2019Energie\u201d vous propose des <a href=\"https:\/\/unbrainsdenergie.fr\/?page_id=3604\">cours hebdomadaires<\/a>, et des <a href=\"https:\/\/unbrainsdenergie.fr\/?page_id=3604\">ateliers<\/a> le dimanche matin.<\/p>\n<!-- \/wp:paragraph -->","_et_gb_content_width":"","footnotes":""},"_links":{"self":[{"href":"https:\/\/unbrainsdenergie.fr\/index.php?rest_route=\/wp\/v2\/pages\/4017"}],"collection":[{"href":"https:\/\/unbrainsdenergie.fr\/index.php?rest_route=\/wp\/v2\/pages"}],"about":[{"href":"https:\/\/unbrainsdenergie.fr\/index.php?rest_route=\/wp\/v2\/types\/page"}],"author":[{"embeddable":true,"href":"https:\/\/unbrainsdenergie.fr\/index.php?rest_route=\/wp\/v2\/users\/2"}],"replies":[{"embeddable":true,"href":"https:\/\/unbrainsdenergie.fr\/index.php?rest_route=%2Fwp%2Fv2%2Fcomments&post=4017"}],"version-history":[{"count":25,"href":"https:\/\/unbrainsdenergie.fr\/index.php?rest_route=\/wp\/v2\/pages\/4017\/revisions"}],"predecessor-version":[{"id":6300,"href":"https:\/\/unbrainsdenergie.fr\/index.php?rest_route=\/wp\/v2\/pages\/4017\/revisions\/6300"}],"wp:attachment":[{"href":"https:\/\/unbrainsdenergie.fr\/index.php?rest_route=%2Fwp%2Fv2%2Fmedia&parent=4017"}],"curies":[{"name":"wp","href":"https:\/\/api.w.org\/{rel}","templated":true}]}}