{"id":3604,"date":"2019-08-02T13:21:54","date_gmt":"2019-08-02T11:21:54","guid":{"rendered":"http:\/\/unbrainsdenergie.fr\/?page_id=3604"},"modified":"2025-11-01T16:18:03","modified_gmt":"2025-11-01T15:18:03","slug":"cours","status":"publish","type":"page","link":"https:\/\/unbrainsdenergie.fr\/?page_id=3604","title":{"rendered":"Cours et ateliers Brains"},"content":{"rendered":"<p>[et_pb_section fb_built=\u00a0\u00bb1&Prime; _builder_version=\u00a0\u00bb4.16&Prime; _module_preset=\u00a0\u00bbdefault\u00a0\u00bb custom_padding=\u00a0\u00bb||134px|||\u00a0\u00bb global_colors_info=\u00a0\u00bb{}\u00a0\u00bb][et_pb_row _builder_version=\u00a0\u00bb4.16&Prime; _module_preset=\u00a0\u00bbdefault\u00a0\u00bb custom_margin=\u00a0\u00bb-53px|auto||auto||\u00a0\u00bb global_colors_info=\u00a0\u00bb{}\u00a0\u00bb][et_pb_column type=\u00a0\u00bb4_4&Prime; _builder_version=\u00a0\u00bb4.16&Prime; _module_preset=\u00a0\u00bbdefault\u00a0\u00bb global_colors_info=\u00a0\u00bb{}\u00a0\u00bb][et_pb_post_title meta=\u00a0\u00bboff\u00a0\u00bb featured_image=\u00a0\u00bboff\u00a0\u00bb _builder_version=\u00a0\u00bb4.16&Prime; _module_preset=\u00a0\u00bbdefault\u00a0\u00bb title_font=\u00a0\u00bb|700|||||||\u00a0\u00bb title_text_align=\u00a0\u00bbcenter\u00a0\u00bb title_text_color=\u00a0\u00bb#00208A\u00a0\u00bb title_font_size=\u00a0\u00bb40px\u00a0\u00bb text_orientation=\u00a0\u00bbcenter\u00a0\u00bb global_colors_info=\u00a0\u00bb{}\u00a0\u00bb][\/et_pb_post_title][\/et_pb_column][\/et_pb_row][et_pb_row column_structure=\u00a0\u00bb1_2,1_2&Prime; _builder_version=\u00a0\u00bb4.16&Prime; _module_preset=\u00a0\u00bbdefault\u00a0\u00bb min_height=\u00a0\u00bb211.9px\u00a0\u00bb custom_padding=\u00a0\u00bb||0px|||\u00a0\u00bb global_colors_info=\u00a0\u00bb{}\u00a0\u00bb][et_pb_column type=\u00a0\u00bb1_2&Prime; _builder_version=\u00a0\u00bb4.16&Prime; _module_preset=\u00a0\u00bbdefault\u00a0\u00bb global_colors_info=\u00a0\u00bb{}\u00a0\u00bb][et_pb_text _builder_version=\u00a0\u00bb4.16&Prime; _module_preset=\u00a0\u00bbdefault\u00a0\u00bb text_font=\u00a0\u00bb||||on||||\u00a0\u00bb text_text_color=\u00a0\u00bb#00208A\u00a0\u00bb text_font_size=\u00a0\u00bb18px\u00a0\u00bb global_colors_info=\u00a0\u00bb{}\u00a0\u00bb]<\/p>\n<p><strong>COURS HEBDOMADAIRES<\/strong><\/p>\n<p>[\/et_pb_text][et_pb_text _builder_version=\u00a0\u00bb4.17.4&Prime; _module_preset=\u00a0\u00bbdefault\u00a0\u00bb text_font_size=\u00a0\u00bb18px\u00a0\u00bb global_colors_info=\u00a0\u00bb{}\u00a0\u00bb]<\/p>\n<p>Lundi de 16H30 \u00e0 18H00 &#8211; <strong>Salle Joseph Albert Brains<br \/><\/strong><\/p>\n<p>Mardi de 20H00 \u00e0 21H30 &#8211; <strong>Salle Joseph Albert Brains<br \/><\/strong><\/p>\n<p><span style=\"color: #ff0000;\"><em>Pas de cours pendant les vacances scolaires<\/em><\/span><\/p>\n<p>[\/et_pb_text][et_pb_text _builder_version=\u00a0\u00bb4.22.2&Prime; _module_preset=\u00a0\u00bbdefault\u00a0\u00bb text_font=\u00a0\u00bbBrygada 1918||||||||\u00a0\u00bb text_font_size=\u00a0\u00bb18px\u00a0\u00bb hover_enabled=\u00a0\u00bb0&Prime; global_colors_info=\u00a0\u00bb{}\u00a0\u00bb sticky_enabled=\u00a0\u00bb0&Prime;]<\/p>\n<p><a href=\"https:\/\/unbrainsdenergie.fr\/wp-content\/uploads\/2025\/08\/fiche-inscription-25-26.pdf\" rel=\"attachment noopener wp-att-6550\" target=\"_blank\">fiche inscription 25-26<\/a><a href=\"https:\/\/unbrainsdenergie.fr\/wp-content\/uploads\/2024\/06\/fiche-inscription-24-25.pdf\" rel=\"attachment noopener wp-att-6278\" target=\"_blank\"><\/a><\/p>\n<p><a href=\"https:\/\/unbrainsdenergie.fr\/wp-content\/uploads\/2025\/11\/Flyer-atelier.pdf\" rel=\"attachment noopener wp-att-6629\" target=\"_blank\">Flyer atelier 25-26<\/a><\/p>\n<p>[\/et_pb_text][\/et_pb_column][et_pb_column type=\u00a0\u00bb1_2&Prime; _builder_version=\u00a0\u00bb4.16&Prime; _module_preset=\u00a0\u00bbdefault\u00a0\u00bb global_colors_info=\u00a0\u00bb{}\u00a0\u00bb][et_pb_text _builder_version=\u00a0\u00bb4.16&Prime; _module_preset=\u00a0\u00bbdefault\u00a0\u00bb text_font=\u00a0\u00bb||||on||||\u00a0\u00bb text_text_color=\u00a0\u00bb#00208A\u00a0\u00bb text_font_size=\u00a0\u00bb18px\u00a0\u00bb global_colors_info=\u00a0\u00bb{}\u00a0\u00bb]<\/p>\n<p><strong>ATELIERS<\/strong><\/p>\n<p>[\/et_pb_text][et_pb_text _builder_version=\u00a0\u00bb4.16&Prime; _module_preset=\u00a0\u00bbdefault\u00a0\u00bb text_font_size=\u00a0\u00bb18px\u00a0\u00bb global_colors_info=\u00a0\u00bb{}\u00a0\u00bb]<\/p>\n<p>Atelier mensuel ou bi-mensuel :<\/p>\n<p>Dimanche de 9H30 \u00e0 11H30 &#8211; <strong>Salle Joseph Albert<\/strong><\/p>\n<p><em>Vous pouvez consulter les dates dans <a href=\"https:\/\/unbrainsdenergie.fr\/?post_type=tribe_events\" target=\"_blank\" rel=\"noopener\">agenda<\/a><\/em><\/p>\n<p>[\/et_pb_text][\/et_pb_column][\/et_pb_row][et_pb_row _builder_version=\u00a0\u00bb4.16&Prime; _module_preset=\u00a0\u00bbdefault\u00a0\u00bb min_height=\u00a0\u00bb415.4px\u00a0\u00bb custom_margin=\u00a0\u00bb3px|auto||auto||\u00a0\u00bb global_colors_info=\u00a0\u00bb{}\u00a0\u00bb][et_pb_column type=\u00a0\u00bb4_4&Prime; _builder_version=\u00a0\u00bb4.16&Prime; _module_preset=\u00a0\u00bbdefault\u00a0\u00bb global_colors_info=\u00a0\u00bb{}\u00a0\u00bb][et_pb_text _builder_version=\u00a0\u00bb4.16&Prime; _module_preset=\u00a0\u00bbdefault\u00a0\u00bb text_font=\u00a0\u00bb||||on||||\u00a0\u00bb text_text_color=\u00a0\u00bb#00208A\u00a0\u00bb text_font_size=\u00a0\u00bb18px\u00a0\u00bb global_colors_info=\u00a0\u00bb{}\u00a0\u00bb]<\/p>\n<p><strong>TARIFS<\/strong><\/p>\n<p>[\/et_pb_text][et_pb_pricing_tables show_bullet=\u00a0\u00bboff\u00a0\u00bb show_featured_drop_shadow=\u00a0\u00bboff\u00a0\u00bb _builder_version=\u00a0\u00bb4.16&Prime; _module_preset=\u00a0\u00bbdefault\u00a0\u00bb body_font_size=\u00a0\u00bb18px\u00a0\u00bb price_font_size=\u00a0\u00bb44px\u00a0\u00bb custom_padding=\u00a0\u00bb||12px|||\u00a0\u00bb border_radii=\u00a0\u00bbon|18px|18px|18px|18px\u00a0\u00bb border_width_all=\u00a0\u00bb4px\u00a0\u00bb global_colors_info=\u00a0\u00bb{}\u00a0\u00bb][et_pb_pricing_table title=\u00a0\u00bbCours Hebdomadaires\u00a0\u00bb subtitle=\u00a0\u00bbTarif annuel\u00a0\u00bb sum=\u00a0\u00bb210 \u20ac\u00a0\u00bb _builder_version=\u00a0\u00bb4.16&Prime; _module_preset=\u00a0\u00bbdefault\u00a0\u00bb body_font=\u00a0\u00bbBrygada 1918||||||||\u00a0\u00bb price_font_size=\u00a0\u00bb34px\u00a0\u00bb global_colors_info=\u00a0\u00bb{}\u00a0\u00bb sticky_transition=\u00a0\u00bbon\u00a0\u00bb]<\/p>\n<p>Paiement en 2 ou 3 fois possible<\/p>\n<p>[\/et_pb_pricing_table][et_pb_pricing_table title=\u00a0\u00bbAtelier\u00a0\u00bb subtitle=\u00a0\u00bbTarif \u00e0 la s\u00e9ance\u00a0\u00bb sum=\u00a0\u00bb15 \u20ac\u00a0\u00bb _builder_version=\u00a0\u00bb4.16&Prime; _module_preset=\u00a0\u00bbdefault\u00a0\u00bb body_font=\u00a0\u00bbBrygada 1918||||||||\u00a0\u00bb body_line_height=\u00a0\u00bb1.6em\u00a0\u00bb price_font_size=\u00a0\u00bb34px\u00a0\u00bb global_colors_info=\u00a0\u00bb{}\u00a0\u00bb sticky_transition=\u00a0\u00bbon\u00a0\u00bb]<\/p>\n<p>R\u00e8glement en ch\u00e8que ou esp\u00e8ces<\/p>\n<p>[\/et_pb_pricing_table][et_pb_pricing_table title=\u00a0\u00bbAteliers\u00a0\u00bb subtitle=\u00a0\u00bbcarte abonnement\u00a0\u00bb sum=\u00a0\u00bb60 \u20ac\u00a0\u00bb _builder_version=\u00a0\u00bb4.16&Prime; _module_preset=\u00a0\u00bbdefault\u00a0\u00bb body_font=\u00a0\u00bbBrygada 1918||||||||\u00a0\u00bb price_font_size=\u00a0\u00bb34px\u00a0\u00bb global_colors_info=\u00a0\u00bb{}\u00a0\u00bb sticky_transition=\u00a0\u00bbon\u00a0\u00bb]<\/p>\n<p>Carte abonnement de 5 s\u00e9ances<\/p>\n<p>[\/et_pb_pricing_table][\/et_pb_pricing_tables][\/et_pb_column][\/et_pb_row][\/et_pb_section]<\/p>\n","protected":false},"excerpt":{"rendered":"<p>COURS HEBDOMADAIRESLundi de 16H30 \u00e0 18H00 &#8211; Salle Joseph Albert Brains Mardi de 20H00 \u00e0 21H30 &#8211; Salle Joseph Albert Brains Pas de cours pendant les vacances scolairesfiche inscription 25-26 [&hellip;]<\/p>\n","protected":false},"author":1,"featured_media":0,"parent":0,"menu_order":0,"comment_status":"closed","ping_status":"closed","template":"","meta":{"_et_pb_use_builder":"on","_et_pb_old_content":"<!-- wp:paragraph {\"customTextColor\":\"#32c8f1\",\"fontSize\":\"medium\"} -->\n<p style=\"color:#32c8f1\" class=\"has-text-color has-medium-font-size\"><strong><span style=\"text-decoration: underline;\">Cours hebdomadaires<\/span><\/strong><span style=\"text-decoration: underline;\"> :<\/span><\/p>\n<!-- \/wp:paragraph -->\n\n<!-- wp:paragraph -->\n<p><strong><span style=\"text-decoration: underline;\">Lundi<\/span><\/strong> de 14H30 \u00e0 16H00                            - <em>Salle Joseph Albert<\/em><\/p>\n<!-- \/wp:paragraph -->\n\n<!-- wp:paragraph -->\n<p><span style=\"text-decoration: underline;\"><strong>Jeudi<\/strong><\/span> de 19H00 \u00e0 20H30                              - <em>Salle des associations<\/em><\/p>\n<!-- \/wp:paragraph -->\n\n<!-- wp:paragraph {\"customTextColor\":\"#c00b78\",\"customFontSize\":15} -->\n<p style=\"color:#c00b78;font-size:15px\" class=\"has-text-color\"><em>Pas de cours pendant les vacances scolaires<\/em><\/p>\n<!-- \/wp:paragraph -->\n\n<!-- wp:paragraph {\"customTextColor\":\"#32c8f1\",\"fontSize\":\"medium\"} -->\n<p style=\"color:#32c8f1\" class=\"has-text-color has-medium-font-size\"><strong><span style=\"text-decoration: underline;\">Atelier bi-mensuel<\/span><\/strong><span style=\"text-decoration: underline;\"> :<\/span><\/p>\n<!-- \/wp:paragraph -->\n\n<!-- wp:paragraph -->\n<p><span style=\"text-decoration: underline;\"><strong>Dimanche<\/strong><\/span> de 10H00 \u00e0 11H30                      - <em>Salle Joseph Albert<\/em><\/p>\n<!-- \/wp:paragraph -->\n\n<!-- wp:paragraph {\"customTextColor\":\"#c00b78\",\"customFontSize\":15} -->\n<p style=\"color:#c00b78;font-size:15px\" class=\"has-text-color\"><em>Vous pouvez consulter les dates dans <a href=\"https:\/\/unbrainsdenergie.fr\/?post_type=tribe_events\"><strong>agenda<\/strong><\/a><\/em><\/p>\n<!-- \/wp:paragraph -->\n\n<!-- wp:paragraph -->\n<p><\/p>\n<!-- \/wp:paragraph -->","_et_gb_content_width":"","footnotes":""},"_links":{"self":[{"href":"https:\/\/unbrainsdenergie.fr\/index.php?rest_route=\/wp\/v2\/pages\/3604"}],"collection":[{"href":"https:\/\/unbrainsdenergie.fr\/index.php?rest_route=\/wp\/v2\/pages"}],"about":[{"href":"https:\/\/unbrainsdenergie.fr\/index.php?rest_route=\/wp\/v2\/types\/page"}],"author":[{"embeddable":true,"href":"https:\/\/unbrainsdenergie.fr\/index.php?rest_route=\/wp\/v2\/users\/1"}],"replies":[{"embeddable":true,"href":"https:\/\/unbrainsdenergie.fr\/index.php?rest_route=%2Fwp%2Fv2%2Fcomments&post=3604"}],"version-history":[{"count":81,"href":"https:\/\/unbrainsdenergie.fr\/index.php?rest_route=\/wp\/v2\/pages\/3604\/revisions"}],"predecessor-version":[{"id":6630,"href":"https:\/\/unbrainsdenergie.fr\/index.php?rest_route=\/wp\/v2\/pages\/3604\/revisions\/6630"}],"wp:attachment":[{"href":"https:\/\/unbrainsdenergie.fr\/index.php?rest_route=%2Fwp%2Fv2%2Fmedia&parent=3604"}],"curies":[{"name":"wp","href":"https:\/\/api.w.org\/{rel}","templated":true}]}}