{"id":3598,"date":"2019-08-02T13:19:53","date_gmt":"2019-08-02T11:19:53","guid":{"rendered":"http:\/\/unbrainsdenergie.fr\/?page_id=3598"},"modified":"2024-06-23T12:51:15","modified_gmt":"2024-06-23T10:51:15","slug":"intervenantes","status":"publish","type":"page","link":"https:\/\/unbrainsdenergie.fr\/?page_id=3598","title":{"rendered":"Intervenantes"},"content":{"rendered":"<p>[et_pb_section fb_built=\u00a0\u00bb1&Prime; admin_label=\u00a0\u00bbsection\u00a0\u00bb _builder_version=\u00a0\u00bb4.16&Prime; global_colors_info=\u00a0\u00bb{}\u00a0\u00bb][et_pb_row _builder_version=\u00a0\u00bb4.16&Prime; _module_preset=\u00a0\u00bbdefault\u00a0\u00bb global_colors_info=\u00a0\u00bb{}\u00a0\u00bb][et_pb_column type=\u00a0\u00bb4_4&Prime; _builder_version=\u00a0\u00bb4.16&Prime; _module_preset=\u00a0\u00bbdefault\u00a0\u00bb global_colors_info=\u00a0\u00bb{}\u00a0\u00bb][et_pb_text _builder_version=\u00a0\u00bb4.16&Prime; _module_preset=\u00a0\u00bbdefault\u00a0\u00bb text_font=\u00a0\u00bb|700|||||||\u00a0\u00bb text_font_size=\u00a0\u00bb40px\u00a0\u00bb header_font_size=\u00a0\u00bb28px\u00a0\u00bb text_orientation=\u00a0\u00bbcenter\u00a0\u00bb min_height=\u00a0\u00bb49.8px\u00a0\u00bb custom_margin=\u00a0\u00bb-37px||29px|||\u00a0\u00bb global_colors_info=\u00a0\u00bb{}\u00a0\u00bb]<\/p>\n<p>Intervenantes<\/p>\n<p>[\/et_pb_text][\/et_pb_column][\/et_pb_row][et_pb_row column_structure=\u00a0\u00bb1_3,1_3,1_3&Prime; _builder_version=\u00a0\u00bb4.22.2&Prime; _module_preset=\u00a0\u00bbdefault\u00a0\u00bb global_colors_info=\u00a0\u00bb{}\u00a0\u00bb][et_pb_column type=\u00a0\u00bb1_3&Prime; _builder_version=\u00a0\u00bb4.22.2&Prime; _module_preset=\u00a0\u00bbdefault\u00a0\u00bb global_colors_info=\u00a0\u00bb{}\u00a0\u00bb][et_pb_team_member name=\u00a0\u00bbClaudine AVERTY\u00a0\u00bb position=\u00a0\u00bbPoste\u00a0\u00bb image_url=\u00a0\u00bbhttps:\/\/unbrainsdenergie.fr\/wp-content\/uploads\/2024\/06\/claudine-1-881&#215;1024.jpg\u00a0\u00bb _builder_version=\u00a0\u00bb4.22.2&Prime; _module_preset=\u00a0\u00bbdefault\u00a0\u00bb global_colors_info=\u00a0\u00bb{}\u00a0\u00bb][\/et_pb_team_member][\/et_pb_column][et_pb_column type=\u00a0\u00bb1_3&Prime; _builder_version=\u00a0\u00bb4.22.2&Prime; _module_preset=\u00a0\u00bbdefault\u00a0\u00bb global_colors_info=\u00a0\u00bb{}\u00a0\u00bb][et_pb_team_member name=\u00a0\u00bbIsabelle GUEZEL\u00a0\u00bb position=\u00a0\u00bbPoste\u00a0\u00bb image_url=\u00a0\u00bbhttps:\/\/unbrainsdenergie.fr\/wp-content\/uploads\/2024\/06\/isabelle.jpg\u00a0\u00bb _builder_version=\u00a0\u00bb4.22.2&Prime; _module_preset=\u00a0\u00bbdefault\u00a0\u00bb hover_enabled=\u00a0\u00bb0&Prime; global_colors_info=\u00a0\u00bb{}\u00a0\u00bb sticky_enabled=\u00a0\u00bb0&Prime; title_text=\u00a0\u00bbisabelle\u00a0\u00bb][\/et_pb_team_member][\/et_pb_column][et_pb_column type=\u00a0\u00bb1_3&Prime; _builder_version=\u00a0\u00bb4.22.2&Prime; _module_preset=\u00a0\u00bbdefault\u00a0\u00bb global_colors_info=\u00a0\u00bb{}\u00a0\u00bb][et_pb_team_member name=\u00a0\u00bbB\u00e9atrice TENAUD\u00a0\u00bb position=\u00a0\u00bbPoste\u00a0\u00bb image_url=\u00a0\u00bbhttps:\/\/unbrainsdenergie.fr\/wp-content\/uploads\/2022\/08\/20220805_1716081-scaled-e1659733242547-910&#215;1024.jpg\u00a0\u00bb _builder_version=\u00a0\u00bb4.22.2&Prime; _module_preset=\u00a0\u00bbdefault\u00a0\u00bb global_colors_info=\u00a0\u00bb{}\u00a0\u00bb][\/et_pb_team_member][\/et_pb_column][\/et_pb_row][et_pb_row _builder_version=\u00a0\u00bb4.16&Prime; _module_preset=\u00a0\u00bbdefault\u00a0\u00bb global_colors_info=\u00a0\u00bb{}\u00a0\u00bb][et_pb_column type=\u00a0\u00bb4_4&Prime; _builder_version=\u00a0\u00bb4.16&Prime; _module_preset=\u00a0\u00bbdefault\u00a0\u00bb global_colors_info=\u00a0\u00bb{}\u00a0\u00bb][et_pb_text _builder_version=\u00a0\u00bb4.16&Prime; _module_preset=\u00a0\u00bbdefault\u00a0\u00bb text_font=\u00a0\u00bb||||on||||\u00a0\u00bb text_text_color=\u00a0\u00bb#00208A\u00a0\u00bb text_font_size=\u00a0\u00bb18px\u00a0\u00bb global_colors_info=\u00a0\u00bb{}\u00a0\u00bb]<\/p>\n<p><strong>PARCOURS<\/strong><\/p>\n<p>[\/et_pb_text][et_pb_text _builder_version=\u00a0\u00bb4.22.2&Prime; _module_preset=\u00a0\u00bbdefault\u00a0\u00bb text_font=\u00a0\u00bbBrygada 1918||||||||\u00a0\u00bb text_font_size=\u00a0\u00bb18px\u00a0\u00bb custom_margin=\u00a0\u00bb||14px|||\u00a0\u00bb global_colors_info=\u00a0\u00bb{}\u00a0\u00bb]<\/p>\n<p>Isabelle et B\u00e9atrice pratiquent le Dao Hua Qi Gong, depuis plus de 20 ans en suivant l\u2019enseignement d\u2019<strong>Erwann Le Moigne<\/strong> (repr\u00e9sentant, en France, de Ma\u00eetre <strong>Zhixing Wang<\/strong>).<\/p>\n<p>Elles ont suivi le cursus de \u201cformation d\u2019enseignante en DHQG\u201d, pendant 4 ans, aupr\u00e8s d\u2019Erwann Le Moigne.<\/p>\n<p>Claudine a rejoint l&rsquo;\u00e9quipe et propose une d\u00e9couverte ludique du DHQG aupr\u00e8s du jeune public. Elle, aussi, suit l&rsquo;enseignement d&rsquo;Erwann Le Moigne.<\/p>\n<p>[\/et_pb_text][\/et_pb_column][\/et_pb_row][et_pb_row _builder_version=\u00a0\u00bb4.16&Prime; _module_preset=\u00a0\u00bbdefault\u00a0\u00bb global_colors_info=\u00a0\u00bb{}\u00a0\u00bb][et_pb_column type=\u00a0\u00bb4_4&Prime; _builder_version=\u00a0\u00bb4.16&Prime; _module_preset=\u00a0\u00bbdefault\u00a0\u00bb global_colors_info=\u00a0\u00bb{}\u00a0\u00bb][et_pb_text _builder_version=\u00a0\u00bb4.16&Prime; _module_preset=\u00a0\u00bbdefault\u00a0\u00bb text_font=\u00a0\u00bbZCOOL XiaoWei|700|||on||||\u00a0\u00bb text_text_color=\u00a0\u00bb#00208A\u00a0\u00bb text_font_size=\u00a0\u00bb18px\u00a0\u00bb text_orientation=\u00a0\u00bbcenter\u00a0\u00bb global_colors_info=\u00a0\u00bb{}\u00a0\u00bb]<\/p>\n<p style=\"text-align: left;\">REFERENCES<\/p>\n<p>[\/et_pb_text][\/et_pb_column][\/et_pb_row][et_pb_row column_structure=\u00a0\u00bb1_2,1_2&Prime; _builder_version=\u00a0\u00bb4.16&Prime; _module_preset=\u00a0\u00bbdefault\u00a0\u00bb custom_margin=\u00a0\u00bb-18px|auto||auto||\u00a0\u00bb global_colors_info=\u00a0\u00bb{}\u00a0\u00bb][et_pb_column type=\u00a0\u00bb1_2&Prime; _builder_version=\u00a0\u00bb4.16&Prime; _module_preset=\u00a0\u00bbdefault\u00a0\u00bb global_colors_info=\u00a0\u00bb{}\u00a0\u00bb][et_pb_button button_url=\u00a0\u00bbhttp:\/\/www.laviedao.com\u00a0\u00bb url_new_window=\u00a0\u00bbon\u00a0\u00bb button_text=\u00a0\u00bbErwann Le Moigne : http:\/\/www.laviedao.com\u00a0\u00bb button_alignment=\u00a0\u00bbcenter\u00a0\u00bb _builder_version=\u00a0\u00bb4.16&Prime; _module_preset=\u00a0\u00bbdefault\u00a0\u00bb custom_button=\u00a0\u00bbon\u00a0\u00bb button_text_size=\u00a0\u00bb18px\u00a0\u00bb box_shadow_style=\u00a0\u00bbpreset4&Prime; global_colors_info=\u00a0\u00bb{}\u00a0\u00bb][\/et_pb_button][\/et_pb_column][et_pb_column type=\u00a0\u00bb1_2&Prime; _builder_version=\u00a0\u00bb4.16&Prime; _module_preset=\u00a0\u00bbdefault\u00a0\u00bb global_colors_info=\u00a0\u00bb{}\u00a0\u00bb][et_pb_button button_url=\u00a0\u00bbhttp:\/\/www.chineseheritage.co.uk\u00a0\u00bb url_new_window=\u00a0\u00bbon\u00a0\u00bb button_text=\u00a0\u00bbZhixing Wang : http:\/\/www.chineseheritage.co.uk\u00a0\u00bb button_alignment=\u00a0\u00bbcenter\u00a0\u00bb _builder_version=\u00a0\u00bb4.16&Prime; _module_preset=\u00a0\u00bbdefault\u00a0\u00bb custom_button=\u00a0\u00bbon\u00a0\u00bb button_text_size=\u00a0\u00bb18px\u00a0\u00bb box_shadow_style=\u00a0\u00bbpreset4&Prime; box_shadow_color=\u00a0\u00bb#B3B3B3&Prime; global_colors_info=\u00a0\u00bb{}\u00a0\u00bb][\/et_pb_button][\/et_pb_column][\/et_pb_row][\/et_pb_section]<\/p>\n","protected":false},"excerpt":{"rendered":"<p>IntervenantesPARCOURSIsabelle et B\u00e9atrice pratiquent le Dao Hua Qi Gong, depuis plus de 20 ans en suivant l\u2019enseignement d\u2019Erwann Le Moigne (repr\u00e9sentant, en France, de Ma\u00eetre Zhixing Wang). Elles ont suivi [&hellip;]<\/p>\n","protected":false},"author":1,"featured_media":0,"parent":0,"menu_order":0,"comment_status":"closed","ping_status":"closed","template":"","meta":{"_et_pb_use_builder":"on","_et_pb_old_content":"<h3 style=\"text-align: center;\">Isabelle Gu\u00e9zel&nbsp;&nbsp;&nbsp;&nbsp;&nbsp;&nbsp; &nbsp;&nbsp; &nbsp;&nbsp; &nbsp;&nbsp;&nbsp;&nbsp;&nbsp;&nbsp; B\u00e9atrice Tenaud<\/h3>\n\n<!-- wp:paragraph -->\n<p><\/p>\n<!-- \/wp:paragraph -->\n\n<!-- wp:paragraph {\"customTextColor\":\"#32c8f1\",\"fontSize\":\"medium\"} -->\n<p style=\"color:#32c8f1\" class=\"has-text-color has-medium-font-size\"><span style=\"text-decoration: underline;\"><strong>Parcours<\/strong><\/span><\/p>\n<!-- \/wp:paragraph -->\n\n<!-- wp:paragraph -->\n<p>Isabelle et B\u00e9atrice pratiquent le Dao Hua Qi Gong, depuis presque 20 ans en suivant l\u2019enseignement d'Erwann Le Moigne (repr\u00e9sentant, en France, de Ma\u00eetre Zhixing Wang).<\/p>\n<!-- \/wp:paragraph -->\n\n<!-- wp:paragraph -->\n<p>Elles ont suivi le cursus de \"formation d'enseignante en DHQG\", pendant 4 ans, aupr\u00e8s d'Erwann Le Moigne.<\/p>\n<!-- \/wp:paragraph -->\n\n<!-- wp:paragraph {\"customTextColor\":\"#32c8f1\",\"fontSize\":\"medium\"} -->\n<p style=\"color:#32c8f1\" class=\"has-text-color has-medium-font-size\"><span style=\"text-decoration: underline;\"><strong>R\u00e9f\u00e9rences<\/strong><\/span><\/p>\n<!-- \/wp:paragraph -->\n\n<!-- wp:paragraph -->\n<p>Erwann Le Moigne - <a href=\"https:\/\/www.laviedao.com\/\" target=\"_blank\" rel=\"noreferrer noopener\" aria-label=\" (s\u2019ouvre dans un nouvel onglet)\">www.laviedao.com<\/a>                                                                                  <\/p>\n<!-- \/wp:paragraph -->\n\n<!-- wp:paragraph -->\n<p>Zhixing Wang - <a href=\"http:\/\/www.chineseheritage.co.uk\" target=\"_blank\" rel=\"noreferrer noopener\" aria-label=\"www.chineseheritage.co.uk (s\u2019ouvre dans un nouvel onglet)\">www.chineseheritage.co.uk<\/a><\/p>\n<!-- \/wp:paragraph -->\n\n<!-- wp:paragraph -->\n<p><\/p>\n<!-- \/wp:paragraph -->\n\n<!-- wp:paragraph -->\n<p><\/p>\n<!-- \/wp:paragraph -->\n\n<!-- wp:paragraph -->\n<p><\/p>\n<!-- \/wp:paragraph -->","_et_gb_content_width":"","footnotes":""},"_links":{"self":[{"href":"https:\/\/unbrainsdenergie.fr\/index.php?rest_route=\/wp\/v2\/pages\/3598"}],"collection":[{"href":"https:\/\/unbrainsdenergie.fr\/index.php?rest_route=\/wp\/v2\/pages"}],"about":[{"href":"https:\/\/unbrainsdenergie.fr\/index.php?rest_route=\/wp\/v2\/types\/page"}],"author":[{"embeddable":true,"href":"https:\/\/unbrainsdenergie.fr\/index.php?rest_route=\/wp\/v2\/users\/1"}],"replies":[{"embeddable":true,"href":"https:\/\/unbrainsdenergie.fr\/index.php?rest_route=%2Fwp%2Fv2%2Fcomments&post=3598"}],"version-history":[{"count":44,"href":"https:\/\/unbrainsdenergie.fr\/index.php?rest_route=\/wp\/v2\/pages\/3598\/revisions"}],"predecessor-version":[{"id":6323,"href":"https:\/\/unbrainsdenergie.fr\/index.php?rest_route=\/wp\/v2\/pages\/3598\/revisions\/6323"}],"wp:attachment":[{"href":"https:\/\/unbrainsdenergie.fr\/index.php?rest_route=%2Fwp%2Fv2%2Fmedia&parent=3598"}],"curies":[{"name":"wp","href":"https:\/\/api.w.org\/{rel}","templated":true}]}}