{"id":3590,"date":"2019-08-02T13:14:57","date_gmt":"2019-08-02T11:14:57","guid":{"rendered":"http:\/\/unbrainsdenergie.fr\/?page_id=3590"},"modified":"2026-04-09T21:45:04","modified_gmt":"2026-04-09T19:45:04","slug":"accueil","status":"publish","type":"page","link":"https:\/\/unbrainsdenergie.fr\/","title":{"rendered":"Bienvenue"},"content":{"rendered":"<p>[et_pb_section fb_built=\u00a0\u00bb1&Prime; admin_label=\u00a0\u00bbsection\u00a0\u00bb _builder_version=\u00a0\u00bb4.16&Prime; custom_padding=\u00a0\u00bb30px|||||\u00a0\u00bb global_colors_info=\u00a0\u00bb{}\u00a0\u00bb][et_pb_row column_structure=\u00a0\u00bb3_4,1_4&Prime; admin_label=\u00a0\u00bbrow\u00a0\u00bb _builder_version=\u00a0\u00bb4.16&Prime; background_size=\u00a0\u00bbinitial\u00a0\u00bb background_position=\u00a0\u00bbtop_left\u00a0\u00bb background_repeat=\u00a0\u00bbrepeat\u00a0\u00bb width=\u00a0\u00bb76.9%\u00a0\u00bb custom_margin=\u00a0\u00bb|auto|-2px|auto||\u00a0\u00bb global_colors_info=\u00a0\u00bb{}\u00a0\u00bb][et_pb_column type=\u00a0\u00bb3_4&Prime; _builder_version=\u00a0\u00bb4.16&Prime; custom_padding=\u00a0\u00bb|||\u00a0\u00bb global_colors_info=\u00a0\u00bb{}\u00a0\u00bb custom_padding__hover=\u00a0\u00bb|||\u00a0\u00bb][et_pb_post_title meta=\u00a0\u00bboff\u00a0\u00bb _builder_version=\u00a0\u00bb4.17.4&Prime; _module_preset=\u00a0\u00bbdefault\u00a0\u00bb title_font=\u00a0\u00bbZCOOL XiaoWei|700|||||||\u00a0\u00bb title_text_color=\u00a0\u00bb#00208A\u00a0\u00bb title_font_size=\u00a0\u00bb48px\u00a0\u00bb custom_margin=\u00a0\u00bb-18px|55px||-2px||false\u00a0\u00bb global_colors_info=\u00a0\u00bb{}\u00a0\u00bb][\/et_pb_post_title][et_pb_image src=\u00a0\u00bbhttps:\/\/unbrainsdenergie.fr\/wp-content\/uploads\/2026\/04\/depositphotos_347783226-stock-photo-top-view-tulips-wrapped-paper-300&#215;200.webp\u00a0\u00bb title_text=\u00a0\u00bbdepositphotos_347783226-stock-photo-top-view-tulips-wrapped-paper\u00a0\u00bb align=\u00a0\u00bbcenter\u00a0\u00bb _builder_version=\u00a0\u00bb4.22.2&Prime; _module_preset=\u00a0\u00bbdefault\u00a0\u00bb width=\u00a0\u00bb100%\u00a0\u00bb max_width=\u00a0\u00bb100%\u00a0\u00bb animation_style=\u00a0\u00bbflip\u00a0\u00bb animation_duration=\u00a0\u00bb0ms\u00a0\u00bb animation_intensity_flip=\u00a0\u00bb0%\u00a0\u00bb hover_enabled=\u00a0\u00bb0&Prime; global_colors_info=\u00a0\u00bb{}\u00a0\u00bb sticky_enabled=\u00a0\u00bb0&Prime;][\/et_pb_image][et_pb_text _builder_version=\u00a0\u00bb4.22.2&Prime; _module_preset=\u00a0\u00bbdefault\u00a0\u00bb hover_enabled=\u00a0\u00bb0&Prime; sticky_enabled=\u00a0\u00bb0&Prime;]<\/p>\n<h3><strong><span style=\"color: #003366;\">Actualit\u00e9s \u00a0\u00bb Un Brains d&rsquo;Energie \u00ab\u00a0<\/span><\/strong><\/h3>\n<h4><strong><span style=\"color: #003366;\"><\/span><\/strong><\/h4>\n<h4><span style=\"color: #808000;\"><strong>Pas d&rsquo;atelier en avril (vacances scolaires)<\/strong><\/span><\/h4>\n<h4><span style=\"color: #808000;\"><strong>Prochain atelier dimanche 10 mai 2026, 9h30 &#8211; 11h30<\/strong><\/span><\/h4>\n<p>[\/et_pb_text][et_pb_text _builder_version=\u00a0\u00bb4.22.2&Prime; _module_preset=\u00a0\u00bbdefault\u00a0\u00bb text_font_size=\u00a0\u00bb16px\u00a0\u00bb hover_enabled=\u00a0\u00bb0&Prime; global_colors_info=\u00a0\u00bb{}\u00a0\u00bb sticky_enabled=\u00a0\u00bb0&Prime;]<\/p>\n<p>&nbsp;<\/p>\n<h3><span style=\"color: #008080;\"><strong><span style=\"text-decoration: underline;\">Actualit\u00e9s d&rsquo;Erwann Le Moigne :<\/span><\/strong><\/span><\/h3>\n<h4><span style=\"color: #ff00ff;\"><\/span><\/h4>\n<h4><span style=\"color: #800080;\"><strong>Stage Nantes du 2 au 3 mai 2026<\/strong> <\/span><\/h4>\n<h4><span style=\"color: #ff00ff;\"><span style=\"color: #ff9900;\"><span style=\"color: #000000;\">\u00ab\u00a0les nouveaux portails\u00a0\u00bb<\/span> volet 3 LE CUBE, <\/span><\/span><\/h4>\n<h4><span style=\"color: #008080;\"><strong>en pr\u00e9sentiel et en\u00a0 Zoom.<\/strong><\/span><span style=\"color: #ff00ff;\"><\/span><\/h4>\n<p><span style=\"color: #ff00ff;\"><a href=\"https:\/\/unbrainsdenergie.fr\/wp-content\/uploads\/2026\/03\/LNP2.pdf\" rel=\"attachment noopener wp-att-6699\" target=\"_blank\"><\/a><a href=\"https:\/\/unbrainsdenergie.fr\/wp-content\/uploads\/2026\/04\/LNP3.pdf\" rel=\"attachment wp-att-6705\">Plaquette \u00e0 t\u00e9l\u00e9charger : LNP3<\/a><\/span><\/p>\n<p><span style=\"color: #ff00ff;\"><\/span><\/p>\n<p><strong>Le calendrier des stages pour l&rsquo;ann\u00e9e 2026 est \u00e9tabli.<\/strong><\/p>\n<p><strong>Vous pouvez le t\u00e9l\u00e9charger \u00e0 partir du lien suivant :<\/strong><\/p>\n<p><strong><a href=\"https:\/\/unbrainsdenergie.fr\/wp-content\/uploads\/2025\/08\/Cal-2026.pdf\" rel=\"attachment noopener wp-att-6539\" target=\"_blank\">Calendrier 2026<\/a><\/strong><\/p>\n<p>&nbsp;<\/p>\n<p>[\/et_pb_text][et_pb_image src=\u00a0\u00bbhttps:\/\/unbrainsdenergie.fr\/wp-content\/uploads\/2019\/09\/logo-ass-flayer-300&#215;279.jpg\u00a0\u00bb title_text=\u00a0\u00bblogo-ass-flayer\u00a0\u00bb align=\u00a0\u00bbright\u00a0\u00bb src_tablet=\u00a0\u00bbhttps:\/\/unbrainsdenergie.fr\/wp-content\/uploads\/2019\/09\/logo-ass-flayer-300&#215;279.jpg\u00a0\u00bb src_phone=\u00a0\u00bbhttps:\/\/unbrainsdenergie.fr\/wp-content\/uploads\/2019\/09\/logo-ass-flayer-300&#215;279.jpg\u00a0\u00bb src_last_edited=\u00a0\u00bbon|phone\u00a0\u00bb _builder_version=\u00a0\u00bb4.17.4&Prime; _module_preset=\u00a0\u00bbdefault\u00a0\u00bb width_tablet=\u00a0\u00bb\u00a0\u00bb width_phone=\u00a0\u00bb96%\u00a0\u00bb width_last_edited=\u00a0\u00bbon|desktop\u00a0\u00bb height=\u00a0\u00bb210px\u00a0\u00bb custom_margin=\u00a0\u00bb-24px|85px||||\u00a0\u00bb custom_padding=\u00a0\u00bb0px|55px|0px|0px||\u00a0\u00bb border_radii=\u00a0\u00bbon|32px|32px|32px|32px\u00a0\u00bb global_colors_info=\u00a0\u00bb{}\u00a0\u00bb][\/et_pb_image][et_pb_divider show_divider=\u00a0\u00bboff\u00a0\u00bb _builder_version=\u00a0\u00bb4.17.4&Prime; _module_preset=\u00a0\u00bbdefault\u00a0\u00bb custom_margin=\u00a0\u00bb||-3px|||\u00a0\u00bb global_colors_info=\u00a0\u00bb{}\u00a0\u00bb][\/et_pb_divider][\/et_pb_column][et_pb_column type=\u00a0\u00bb1_4&Prime; _builder_version=\u00a0\u00bb4.16&Prime; custom_padding=\u00a0\u00bb|||\u00a0\u00bb global_colors_info=\u00a0\u00bb{}\u00a0\u00bb custom_padding__hover=\u00a0\u00bb|||\u00a0\u00bb][et_pb_sidebar _builder_version=\u00a0\u00bb4.16&Prime; _module_preset=\u00a0\u00bbdefault\u00a0\u00bb link_option_url=\u00a0\u00bbhttps:\/\/unbrainsdenergie.fr\/?post_type=tribe_events\u00a0\u00bb global_colors_info=\u00a0\u00bb{}\u00a0\u00bb][\/et_pb_sidebar][\/et_pb_column][\/et_pb_row][\/et_pb_section]<\/p>\n","protected":false},"excerpt":{"rendered":"<p>Actualit\u00e9s \u00a0\u00bb Un Brains d&rsquo;Energie \u00a0\u00bb Pas d&rsquo;atelier en avril (vacances scolaires) Prochain atelier dimanche 10 mai 2026, 9h30 &#8211; 11h30&nbsp; Actualit\u00e9s d&rsquo;Erwann Le Moigne : Stage Nantes du 2 [&hellip;]<\/p>\n","protected":false},"author":1,"featured_media":0,"parent":0,"menu_order":0,"comment_status":"closed","ping_status":"closed","template":"","meta":{"_et_pb_use_builder":"on","_et_pb_old_content":"<!-- wp:image {\"align\":\"center\",\"id\":3786,\"width\":192,\"height\":192,\"className\":\"is-style-default\"} -->\n<div class=\"wp-block-image is-style-default\"><figure class=\"aligncenter is-resized\"><img src=\"https:\/\/unbrainsdenergie.fr\/wp-content\/uploads\/2019\/09\/logo-ass-flayer-150x150.jpg\" alt=\"\" class=\"wp-image-3786\" width=\"192\" height=\"192\"\/><\/figure><\/div>\n<!-- \/wp:image -->\n\n<!-- wp:paragraph {\"backgroundColor\":\"cyan-bluish-gray\"} -->\n<p class=\"has-cyan-bluish-gray-background-color has-background\"><strong><span style=\"text-decoration: underline;\">COURS<\/span><\/strong> : <strong>Depuis la mi-novembre<\/strong>, l'association a propos\u00e9 aux \u00e9l\u00e8ves inscrits \u00e0 l'ann\u00e9e de suivre le <strong>cours en session \"zoom\"<\/strong>, <strong>chaque jeudi,  de 17h30 \u00e0 19h.<\/strong> L'op\u00e9ration va \u00eatre reconduite tant qu'il ne sera pas possible de donner les cours en pr\u00e9sentiel. <\/p>\n<!-- \/wp:paragraph -->\n\n<!-- wp:paragraph {\"backgroundColor\":\"cyan-bluish-gray\"} -->\n<p class=\"has-cyan-bluish-gray-background-color has-background\"><span style=\"text-decoration: underline;\"><strong>ATELIERS<\/strong> <\/span>: A partir de janvier, et tant que nous ne disposerons pas de la salle Joseph Albert, les personnes qui le souhaitent, pourront <strong>nous rejoindre le jeudi<\/strong>, moyennant la somme de 12\u20ac (tarif de l'atelier). <em>Merci de vous inscrire au pr\u00e9alable par t\u00e9l\u00e9phone ou par mail  afin de recevoir le lien.<\/em><\/p>\n<!-- \/wp:paragraph -->\n\n<!-- wp:paragraph {\"style\":{\"typography\":{\"fontSize\":18}},\"backgroundColor\":\"vivid-cyan-blue\"} -->\n<p class=\"has-vivid-cyan-blue-background-color has-background\" style=\"font-size:18px\"><strong><span style=\"text-decoration: underline;\">Sessions Zoom 2021<\/span><\/strong>. Chaque mois, <strong>Erwann Le Moigne<\/strong> vous propose 3 sessions \"zoom\" (Dopage Energ\u00e9tique, Feuille De Route Mensuelle, et M\u00e9ditation Pleine Lune). Tous les d\u00e9tails sont disponibles dans l'onglet \"Erwann Le Moigne \", \"Zoom\".<\/p>\n<!-- \/wp:paragraph -->\n\n<!-- wp:paragraph {\"style\":{\"color\":{\"text\":\"#b10524\"}}} -->\n<p class=\"has-text-color\" style=\"color:#b10524\"><\/p>\n<!-- \/wp:paragraph -->\n\n<!-- wp:paragraph -->\n<p><\/p>\n<!-- \/wp:paragraph -->","_et_gb_content_width":"","footnotes":""},"_links":{"self":[{"href":"https:\/\/unbrainsdenergie.fr\/index.php?rest_route=\/wp\/v2\/pages\/3590"}],"collection":[{"href":"https:\/\/unbrainsdenergie.fr\/index.php?rest_route=\/wp\/v2\/pages"}],"about":[{"href":"https:\/\/unbrainsdenergie.fr\/index.php?rest_route=\/wp\/v2\/types\/page"}],"author":[{"embeddable":true,"href":"https:\/\/unbrainsdenergie.fr\/index.php?rest_route=\/wp\/v2\/users\/1"}],"replies":[{"embeddable":true,"href":"https:\/\/unbrainsdenergie.fr\/index.php?rest_route=%2Fwp%2Fv2%2Fcomments&post=3590"}],"version-history":[{"count":303,"href":"https:\/\/unbrainsdenergie.fr\/index.php?rest_route=\/wp\/v2\/pages\/3590\/revisions"}],"predecessor-version":[{"id":6708,"href":"https:\/\/unbrainsdenergie.fr\/index.php?rest_route=\/wp\/v2\/pages\/3590\/revisions\/6708"}],"wp:attachment":[{"href":"https:\/\/unbrainsdenergie.fr\/index.php?rest_route=%2Fwp%2Fv2%2Fmedia&parent=3590"}],"curies":[{"name":"wp","href":"https:\/\/api.w.org\/{rel}","templated":true}]}}